{"id":686,"date":"2016-11-24T14:07:50","date_gmt":"2016-11-24T13:07:50","guid":{"rendered":"http:\/\/www.orebicapartmentszora.com\/?page_id=686&#038;lang=hr"},"modified":"2025-01-04T16:26:37","modified_gmt":"2025-01-04T15:26:37","slug":"apartman-4","status":"publish","type":"page","link":"https:\/\/www.orebicapartmentszora.com\/hr\/peljesac-apartmani-zora\/apartman-4\/","title":{"rendered":"Apartman 4"},"content":{"rendered":"\n\t<div class=\"msacwl-slider-wrap msacwl-row-clearfix\">\n\t\t\n\t\t<div id=\"msacwl-slider-1\" class=\"msacwl-slider msacwl-slider-popup msacwl-design-1\" data-slider-nav-for='msacwl-slider-nav-1'>\n\t\t\n\t\t\t<div class=\"msacwl-gallery-slider msacwl-common-slider\">\n\t\t\t\t\n\t\t\t\t<div class=\"msacwl-slide\">\n\t\n\t<div class=\"msacwl-img-wrap\" >\n\t\t\n\t\t<a class=\"msacwl-img-link\" href=\"https:\/\/www.orebicapartmentszora.com\/wp-content\/uploads\/zora-apartment1-terrace-02.jpg\"><\/a>\n\t\t<img decoding=\"async\" class=\"msacwl-img\" src=\"https:\/\/www.orebicapartmentszora.com\/wp-content\/uploads\/zora-apartment1-terrace-02.jpg\" title=\"zora-apartment1-terrace-02\" alt=\"Zora Apartman 1 Terasa\" \/>\n\t<\/div><!-- end.msacwl-img-wrap -->\n\n\t<\/div><!-- end .slick-image-slide --><div class=\"msacwl-slide\">\n\t\n\t<div class=\"msacwl-img-wrap\" >\n\t\t\n\t\t<a class=\"msacwl-img-link\" href=\"https:\/\/www.orebicapartmentszora.com\/wp-content\/uploads\/zora-apartment1-terrace-05.jpg\"><\/a>\n\t\t<img decoding=\"async\" class=\"msacwl-img\" src=\"https:\/\/www.orebicapartmentszora.com\/wp-content\/uploads\/zora-apartment1-terrace-05.jpg\" title=\"zora-apartment1-terrace-05\" alt=\"Zora Apartman 1\" \/>\n\t<\/div><!-- end.msacwl-img-wrap -->\n\n\t<\/div><!-- end .slick-image-slide --><div class=\"msacwl-slide\">\n\t\n\t<div class=\"msacwl-img-wrap\" >\n\t\t\n\t\t<a class=\"msacwl-img-link\" href=\"https:\/\/www.orebicapartmentszora.com\/wp-content\/uploads\/zora-apartment1-terrace-01.jpg\"><\/a>\n\t\t<img decoding=\"async\" class=\"msacwl-img\" src=\"https:\/\/www.orebicapartmentszora.com\/wp-content\/uploads\/zora-apartment1-terrace-01.jpg\" title=\"zora-apartment1-terrace-01\" alt=\"zora-apartment1-terrace-01\" \/>\n\t<\/div><!-- end.msacwl-img-wrap -->\n\n\t<\/div><!-- end .slick-image-slide --><div class=\"msacwl-slide\">\n\t\n\t<div class=\"msacwl-img-wrap\" >\n\t\t\n\t\t<a class=\"msacwl-img-link\" href=\"https:\/\/www.orebicapartmentszora.com\/wp-content\/uploads\/zora-apartment1-terrace-03.jpg\"><\/a>\n\t\t<img decoding=\"async\" class=\"msacwl-img\" src=\"https:\/\/www.orebicapartmentszora.com\/wp-content\/uploads\/zora-apartment1-terrace-03.jpg\" title=\"zora-apartment1-terrace-03\" alt=\"zora-apartment1-terrace-03\" \/>\n\t<\/div><!-- end.msacwl-img-wrap -->\n\n\t<\/div><!-- end .slick-image-slide --><div class=\"msacwl-slide\">\n\t\n\t<div class=\"msacwl-img-wrap\" >\n\t\t\n\t\t<a class=\"msacwl-img-link\" href=\"https:\/\/www.orebicapartmentszora.com\/wp-content\/uploads\/zora-apartment1-terrace-04.jpg\"><\/a>\n\t\t<img decoding=\"async\" class=\"msacwl-img\" src=\"https:\/\/www.orebicapartmentszora.com\/wp-content\/uploads\/zora-apartment1-terrace-04.jpg\" title=\"zora-apartment1-terrace-04\" alt=\"zora-apartment1-terrace-04\" \/>\n\t<\/div><!-- end.msacwl-img-wrap -->\n\n\t<\/div><!-- end .slick-image-slide --><div class=\"msacwl-slide\">\n\t\n\t<div class=\"msacwl-img-wrap\" >\n\t\t\n\t\t<a class=\"msacwl-img-link\" href=\"https:\/\/www.orebicapartmentszora.com\/wp-content\/uploads\/zora-apartment1-kitchen-07-2018-pic-02.jpg\"><\/a>\n\t\t<img decoding=\"async\" class=\"msacwl-img\" src=\"https:\/\/www.orebicapartmentszora.com\/wp-content\/uploads\/zora-apartment1-kitchen-07-2018-pic-02.jpg\" title=\"zora-apartment1-kitchen-07-2018-pic-02\" alt=\"\" \/>\n\t<\/div><!-- end.msacwl-img-wrap -->\n\n\t<\/div><!-- end .slick-image-slide --><div class=\"msacwl-slide\">\n\t\n\t<div class=\"msacwl-img-wrap\" >\n\t\t\n\t\t<a class=\"msacwl-img-link\" href=\"https:\/\/www.orebicapartmentszora.com\/wp-content\/uploads\/zora-apartment1-kitchen-07-2018-pic-01.jpg\"><\/a>\n\t\t<img decoding=\"async\" class=\"msacwl-img\" src=\"https:\/\/www.orebicapartmentszora.com\/wp-content\/uploads\/zora-apartment1-kitchen-07-2018-pic-01.jpg\" title=\"zora-apartment1-kitchen-07-2018-pic-01\" alt=\"\" \/>\n\t<\/div><!-- end.msacwl-img-wrap -->\n\n\t<\/div><!-- end .slick-image-slide --><div class=\"msacwl-slide\">\n\t\n\t<div class=\"msacwl-img-wrap\" >\n\t\t\n\t\t<a class=\"msacwl-img-link\" href=\"https:\/\/www.orebicapartmentszora.com\/wp-content\/uploads\/zora-apartment1-bedroom1-01.jpg\"><\/a>\n\t\t<img decoding=\"async\" class=\"msacwl-img\" src=\"https:\/\/www.orebicapartmentszora.com\/wp-content\/uploads\/zora-apartment1-bedroom1-01.jpg\" title=\"zora-apartment1-bedroom1-01\" alt=\"zora-apartment1-bedroom1-01\" \/>\n\t<\/div><!-- end.msacwl-img-wrap -->\n\n\t<\/div><!-- end .slick-image-slide --><div class=\"msacwl-slide\">\n\t\n\t<div class=\"msacwl-img-wrap\" >\n\t\t\n\t\t<a class=\"msacwl-img-link\" href=\"https:\/\/www.orebicapartmentszora.com\/wp-content\/uploads\/zora-apartment1-bedroom1-02.jpg\"><\/a>\n\t\t<img decoding=\"async\" class=\"msacwl-img\" src=\"https:\/\/www.orebicapartmentszora.com\/wp-content\/uploads\/zora-apartment1-bedroom1-02.jpg\" title=\"zora-apartment1-bedroom1-02\" alt=\"zora-apartment1-bedroom1-02\" \/>\n\t<\/div><!-- end.msacwl-img-wrap -->\n\n\t<\/div><!-- end .slick-image-slide --><div class=\"msacwl-slide\">\n\t\n\t<div class=\"msacwl-img-wrap\" >\n\t\t\n\t\t<a class=\"msacwl-img-link\" href=\"https:\/\/www.orebicapartmentszora.com\/wp-content\/uploads\/zora-apartment1-bedroom1-03.jpg\"><\/a>\n\t\t<img decoding=\"async\" class=\"msacwl-img\" src=\"https:\/\/www.orebicapartmentszora.com\/wp-content\/uploads\/zora-apartment1-bedroom1-03.jpg\" title=\"zora-apartment1-bedroom1-03\" alt=\"Zora Apartman 1 Spava\u0107a Soba\" \/>\n\t<\/div><!-- end.msacwl-img-wrap -->\n\n\t<\/div><!-- end .slick-image-slide --><div class=\"msacwl-slide\">\n\t\n\t<div class=\"msacwl-img-wrap\" >\n\t\t\n\t\t<a class=\"msacwl-img-link\" href=\"https:\/\/www.orebicapartmentszora.com\/wp-content\/uploads\/zora-apartment1-bedroom2-01.jpg\"><\/a>\n\t\t<img decoding=\"async\" class=\"msacwl-img\" src=\"https:\/\/www.orebicapartmentszora.com\/wp-content\/uploads\/zora-apartment1-bedroom2-01.jpg\" title=\"zora-apartment1-bedroom2-01\" alt=\"zora-apartment1-bedroom2-01\" \/>\n\t<\/div><!-- end.msacwl-img-wrap -->\n\n\t<\/div><!-- end .slick-image-slide --><div class=\"msacwl-slide\">\n\t\n\t<div class=\"msacwl-img-wrap\" >\n\t\t\n\t\t<a class=\"msacwl-img-link\" href=\"https:\/\/www.orebicapartmentszora.com\/wp-content\/uploads\/zora-apartment1-bedroom2-06.jpg\"><\/a>\n\t\t<img decoding=\"async\" class=\"msacwl-img\" src=\"https:\/\/www.orebicapartmentszora.com\/wp-content\/uploads\/zora-apartment1-bedroom2-06.jpg\" title=\"zora-apartment1-bedroom2-06\" alt=\"zora-apartment1-bedroom2-06\" \/>\n\t<\/div><!-- end.msacwl-img-wrap -->\n\n\t<\/div><!-- end .slick-image-slide --><div class=\"msacwl-slide\">\n\t\n\t<div class=\"msacwl-img-wrap\" >\n\t\t\n\t\t<a class=\"msacwl-img-link\" href=\"https:\/\/www.orebicapartmentszora.com\/wp-content\/uploads\/zora-apartment1-bedroom2-02.jpg\"><\/a>\n\t\t<img decoding=\"async\" class=\"msacwl-img\" src=\"https:\/\/www.orebicapartmentszora.com\/wp-content\/uploads\/zora-apartment1-bedroom2-02.jpg\" title=\"zora-apartment1-bedroom2-02\" alt=\"zora-apartment1-bedroom2-02\" \/>\n\t<\/div><!-- end.msacwl-img-wrap -->\n\n\t<\/div><!-- end .slick-image-slide --><div class=\"msacwl-slide\">\n\t\n\t<div class=\"msacwl-img-wrap\" >\n\t\t\n\t\t<a class=\"msacwl-img-link\" href=\"https:\/\/www.orebicapartmentszora.com\/wp-content\/uploads\/zora-apartment1-bedroom2-05.jpg\"><\/a>\n\t\t<img decoding=\"async\" class=\"msacwl-img\" src=\"https:\/\/www.orebicapartmentszora.com\/wp-content\/uploads\/zora-apartment1-bedroom2-05.jpg\" title=\"zora-apartment1-bedroom2-05\" alt=\"zora-apartment1-bedroom2-05\" \/>\n\t<\/div><!-- end.msacwl-img-wrap -->\n\n\t<\/div><!-- end .slick-image-slide --><div class=\"msacwl-slide\">\n\t\n\t<div class=\"msacwl-img-wrap\" >\n\t\t\n\t\t<a class=\"msacwl-img-link\" href=\"https:\/\/www.orebicapartmentszora.com\/wp-content\/uploads\/zora-apartment1-bedroom2-03.jpg\"><\/a>\n\t\t<img decoding=\"async\" class=\"msacwl-img\" src=\"https:\/\/www.orebicapartmentszora.com\/wp-content\/uploads\/zora-apartment1-bedroom2-03.jpg\" title=\"zora-apartment1-bedroom2-03\" alt=\"zora-apartment1-bedroom2-03\" \/>\n\t<\/div><!-- end.msacwl-img-wrap -->\n\n\t<\/div><!-- end .slick-image-slide --><div class=\"msacwl-slide\">\n\t\n\t<div class=\"msacwl-img-wrap\" >\n\t\t\n\t\t<a class=\"msacwl-img-link\" href=\"https:\/\/www.orebicapartmentszora.com\/wp-content\/uploads\/zora-apartment1-bedroom2-04.jpg\"><\/a>\n\t\t<img decoding=\"async\" class=\"msacwl-img\" src=\"https:\/\/www.orebicapartmentszora.com\/wp-content\/uploads\/zora-apartment1-bedroom2-04.jpg\" title=\"zora-apartment1-bedroom2-04\" alt=\"zora-apartment1-bedroom2-04\" \/>\n\t<\/div><!-- end.msacwl-img-wrap -->\n\n\t<\/div><!-- end .slick-image-slide --><div class=\"msacwl-slide\">\n\t\n\t<div class=\"msacwl-img-wrap\" >\n\t\t\n\t\t<a class=\"msacwl-img-link\" href=\"https:\/\/www.orebicapartmentszora.com\/wp-content\/uploads\/zora-apartment1-bathroom2-01.jpg\"><\/a>\n\t\t<img decoding=\"async\" class=\"msacwl-img\" src=\"https:\/\/www.orebicapartmentszora.com\/wp-content\/uploads\/zora-apartment1-bathroom2-01.jpg\" title=\"zora-apartment1-bathroom2-01\" alt=\"zora-apartment1-bathroom2-01\" \/>\n\t<\/div><!-- end.msacwl-img-wrap -->\n\n\t<\/div><!-- end .slick-image-slide --><div class=\"msacwl-slide\">\n\t\n\t<div class=\"msacwl-img-wrap\" >\n\t\t\n\t\t<a class=\"msacwl-img-link\" href=\"https:\/\/www.orebicapartmentszora.com\/wp-content\/uploads\/zora-apartment1-bathroom-07-2018-pic-01.jpg\"><\/a>\n\t\t<img decoding=\"async\" class=\"msacwl-img\" src=\"https:\/\/www.orebicapartmentszora.com\/wp-content\/uploads\/zora-apartment1-bathroom-07-2018-pic-01.jpg\" title=\"zora-apartment1-bathroom-07-2018-pic-01\" alt=\"\" \/>\n\t<\/div><!-- end.msacwl-img-wrap -->\n\n\t<\/div><!-- end .slick-image-slide -->\t\t\t<\/div>\n\t\t\t\n\t\t\t<div class=\"msacwl-slider-conf\">{\"autoplay\":\"true\",\"autoplay_speed\":\"2500\",\"speed\":\"1300\",\"arrows\":\"true\",\"dots\":\"false\",\"loop\":\"true\",\"nav_slide_column\":\"5\"}<\/div><!-- end of-slider-conf -->\n\t\t<\/div><!-- end .msacwl-slider -->\n\t\t\t\t\n\t\t\t<div class=\"msacwl-slider-nav-1 msacwl-slider-nav design-1\">\n\t\t\t\t<div class=\"slick-image-nav\">\t\t\t\t\t\t<img decoding=\"async\" class=\"msacwl-slider-nav-img\" src=\"https:\/\/www.orebicapartmentszora.com\/wp-content\/uploads\/zora-apartment1-terrace-02-300x199.jpg\" alt=\"Slider Nav Image\" \/>\t\t\t\t<\/div>\n\t\t\t\t<div class=\"slick-image-nav\">\t\t\t\t\t\t<img decoding=\"async\" class=\"msacwl-slider-nav-img\" src=\"https:\/\/www.orebicapartmentszora.com\/wp-content\/uploads\/zora-apartment1-terrace-05-300x199.jpg\" alt=\"Slider Nav Image\" \/>\t\t\t\t<\/div>\n\t\t\t\t<div class=\"slick-image-nav\">\t\t\t\t\t\t<img decoding=\"async\" class=\"msacwl-slider-nav-img\" src=\"https:\/\/www.orebicapartmentszora.com\/wp-content\/uploads\/zora-apartment1-terrace-01-300x199.jpg\" alt=\"Slider Nav Image\" \/>\t\t\t\t<\/div>\n\t\t\t\t<div class=\"slick-image-nav\">\t\t\t\t\t\t<img decoding=\"async\" class=\"msacwl-slider-nav-img\" src=\"https:\/\/www.orebicapartmentszora.com\/wp-content\/uploads\/zora-apartment1-terrace-03-300x199.jpg\" alt=\"Slider Nav Image\" \/>\t\t\t\t<\/div>\n\t\t\t\t<div class=\"slick-image-nav\">\t\t\t\t\t\t<img decoding=\"async\" class=\"msacwl-slider-nav-img\" src=\"https:\/\/www.orebicapartmentszora.com\/wp-content\/uploads\/zora-apartment1-terrace-04-300x199.jpg\" alt=\"Slider Nav Image\" \/>\t\t\t\t<\/div>\n\t\t\t\t<div class=\"slick-image-nav\">\t\t\t\t\t\t<img decoding=\"async\" class=\"msacwl-slider-nav-img\" src=\"https:\/\/www.orebicapartmentszora.com\/wp-content\/uploads\/zora-apartment1-kitchen-07-2018-pic-02-300x199.jpg\" alt=\"Slider Nav Image\" \/>\t\t\t\t<\/div>\n\t\t\t\t<div class=\"slick-image-nav\">\t\t\t\t\t\t<img decoding=\"async\" class=\"msacwl-slider-nav-img\" src=\"https:\/\/www.orebicapartmentszora.com\/wp-content\/uploads\/zora-apartment1-kitchen-07-2018-pic-01-300x199.jpg\" alt=\"Slider Nav Image\" \/>\t\t\t\t<\/div>\n\t\t\t\t<div class=\"slick-image-nav\">\t\t\t\t\t\t<img decoding=\"async\" class=\"msacwl-slider-nav-img\" src=\"https:\/\/www.orebicapartmentszora.com\/wp-content\/uploads\/zora-apartment1-bedroom1-01-300x199.jpg\" alt=\"Slider Nav Image\" \/>\t\t\t\t<\/div>\n\t\t\t\t<div class=\"slick-image-nav\">\t\t\t\t\t\t<img decoding=\"async\" class=\"msacwl-slider-nav-img\" src=\"https:\/\/www.orebicapartmentszora.com\/wp-content\/uploads\/zora-apartment1-bedroom1-02-300x199.jpg\" alt=\"Slider Nav Image\" \/>\t\t\t\t<\/div>\n\t\t\t\t<div class=\"slick-image-nav\">\t\t\t\t\t\t<img decoding=\"async\" class=\"msacwl-slider-nav-img\" src=\"https:\/\/www.orebicapartmentszora.com\/wp-content\/uploads\/zora-apartment1-bedroom1-03-300x199.jpg\" alt=\"Slider Nav Image\" \/>\t\t\t\t<\/div>\n\t\t\t\t<div class=\"slick-image-nav\">\t\t\t\t\t\t<img decoding=\"async\" class=\"msacwl-slider-nav-img\" src=\"https:\/\/www.orebicapartmentszora.com\/wp-content\/uploads\/zora-apartment1-bedroom2-01-300x199.jpg\" alt=\"Slider Nav Image\" \/>\t\t\t\t<\/div>\n\t\t\t\t<div class=\"slick-image-nav\">\t\t\t\t\t\t<img decoding=\"async\" class=\"msacwl-slider-nav-img\" src=\"https:\/\/www.orebicapartmentszora.com\/wp-content\/uploads\/zora-apartment1-bedroom2-06-300x199.jpg\" alt=\"Slider Nav Image\" \/>\t\t\t\t<\/div>\n\t\t\t\t<div class=\"slick-image-nav\">\t\t\t\t\t\t<img decoding=\"async\" class=\"msacwl-slider-nav-img\" src=\"https:\/\/www.orebicapartmentszora.com\/wp-content\/uploads\/zora-apartment1-bedroom2-02-300x199.jpg\" alt=\"Slider Nav Image\" \/>\t\t\t\t<\/div>\n\t\t\t\t<div class=\"slick-image-nav\">\t\t\t\t\t\t<img decoding=\"async\" class=\"msacwl-slider-nav-img\" src=\"https:\/\/www.orebicapartmentszora.com\/wp-content\/uploads\/zora-apartment1-bedroom2-05-300x199.jpg\" alt=\"Slider Nav Image\" \/>\t\t\t\t<\/div>\n\t\t\t\t<div class=\"slick-image-nav\">\t\t\t\t\t\t<img decoding=\"async\" class=\"msacwl-slider-nav-img\" src=\"https:\/\/www.orebicapartmentszora.com\/wp-content\/uploads\/zora-apartment1-bedroom2-03-300x199.jpg\" alt=\"Slider Nav Image\" \/>\t\t\t\t<\/div>\n\t\t\t\t<div class=\"slick-image-nav\">\t\t\t\t\t\t<img decoding=\"async\" class=\"msacwl-slider-nav-img\" src=\"https:\/\/www.orebicapartmentszora.com\/wp-content\/uploads\/zora-apartment1-bedroom2-04-300x199.jpg\" alt=\"Slider Nav Image\" \/>\t\t\t\t<\/div>\n\t\t\t\t<div class=\"slick-image-nav\">\t\t\t\t\t\t<img decoding=\"async\" class=\"msacwl-slider-nav-img\" src=\"https:\/\/www.orebicapartmentszora.com\/wp-content\/uploads\/zora-apartment1-bathroom2-01-300x199.jpg\" alt=\"Slider Nav Image\" \/>\t\t\t\t<\/div>\n\t\t\t\t<div class=\"slick-image-nav\">\t\t\t\t\t\t<img decoding=\"async\" class=\"msacwl-slider-nav-img\" src=\"https:\/\/www.orebicapartmentszora.com\/wp-content\/uploads\/zora-apartment1-bathroom-07-2018-pic-01-300x199.jpg\" alt=\"Slider Nav Image\" \/>\t\t\t\t<\/div>\t\t\t<\/div><!-- end .msacwl-slider-nav -->\n\t\t<\/div><!-- end .msacwl-slider-wrap -->\n\t\n<p>Dvije spava\u0107e sobe. Vrtna terasa. Odvojen ulaz. <span style=\"font-weight: 400;\">Klima, internet, SAT TV<\/span>.<\/p>\n<ul class=\"list-1\">\n<li><b>Kapacitet: 4+1 osoba<\/b><\/li>\n<li><span style=\"font-weight: 400;\">Prva spava\u0107a soba: dvostruki krevet i pojedina\u010dni krevet, klima, SAT TV \u2013 posteljina uklju\u010dena<\/span><\/li>\n<li><span style=\"font-weight: 400;\">Druga spava\u0107a soba:<\/span> <span style=\"font-weight: 400;\">dvostruki krevet, klima, SAT TV<\/span><\/li>\n<li><span style=\"font-weight: 400;\">Kuhinja: hladnjak\/zamrziva\u010d, elektri\u010dni \u0161tednjak s dvije plo\u010de, elektri\u010dna pe\u0107nica, \u010dajnik, kuhinjske potrep\u0161tine<\/span><\/li>\n<li><span style=\"font-weight: 400;\">Prva kupaonica: tu\u0161, wc, umivaonik<\/span><\/li>\n<li><span style=\"font-weight: 400;\">Druga kupaonica: tu\u0161, wc, umivaonik<\/span><\/li>\n<li><span style=\"font-weight: 400;\">Osiguran parking<\/span><\/li>\n<li><span style=\"font-weight: 400;\">Udaljenost do pla\u017ee: 200 metara<\/span><\/li>\n<li><span style=\"font-weight: 400;\">Tip pla\u017ee: \u017eal<\/span><\/li>\n<li><span style=\"font-weight: 400;\">Dijeljeni ro\u0161tilj<\/span><\/li>\n<li>Centralno grijanje nakon podsezone i u zimskim mjesecima &#8211; na upit<\/li>\n<\/ul>\n<h4>Cijene\u00a0(\u20ac)<\/h4>\n<p><strong>Uklju\u010deno: boravi\u0161na pristojba, klima (ako se koristi umjereno), internet<\/strong><\/p>\n<table style=\"border-collapse: collapse; width: 100%;\" border=\"1\">\n<tbody>\n<tr style=\"height: 24px;\">\n<td style=\"width: 416.5px; height: 24px; text-align: center;\"><strong>Period<\/strong><\/td>\n<td style=\"width: 416.5px; height: 24px; text-align: center;\"><strong>Cijena<\/strong><\/td>\n<\/tr>\n<tr style=\"height: 24px;\">\n<td style=\"width: 416.5px; height: 24px; text-align: center;\">1.1-1.5<\/td>\n<td style=\"width: 416.5px; height: 24px; text-align: center;\">50<\/td>\n<\/tr>\n<tr style=\"height: 24px;\">\n<td style=\"width: 416.5px; height: 24px; text-align: center;\">2.5-1.6<\/td>\n<td style=\"width: 416.5px; height: 24px; text-align: center;\">60<\/td>\n<\/tr>\n<tr style=\"height: 24px;\">\n<td style=\"width: 416.5px; height: 24px; text-align: center;\">2.6-1.7<\/td>\n<td style=\"width: 416.5px; height: 24px; text-align: center;\">65<\/td>\n<\/tr>\n<tr style=\"height: 24px;\">\n<td style=\"width: 416.5px; height: 24px; text-align: center;\">2.7-15.7<\/td>\n<td style=\"width: 416.5px; height: 24px; text-align: center;\">75<\/td>\n<\/tr>\n<tr style=\"height: 24px;\">\n<td style=\"width: 416.5px; height: 24px; text-align: center;\">16.7-1.9<\/td>\n<td style=\"width: 416.5px; height: 24px; text-align: center;\">100<\/td>\n<\/tr>\n<tr style=\"height: 24px;\">\n<td style=\"width: 416.5px; height: 24px; text-align: center;\">2.9-1.10<\/td>\n<td style=\"width: 416.5px; height: 24px; text-align: center;\">60<\/td>\n<\/tr>\n<tr>\n<td style=\"width: 416.5px; text-align: center;\">2.10-31.12<\/td>\n<td style=\"width: 416.5px; text-align: center;\">50<\/td>\n<\/tr>\n<\/tbody>\n<\/table>\n<p style=\"text-align: center;\"><a class=\"button\" href=\"http:\/\/www.orebicapartmentszora.com\/hr\/kontakt-lokacija\/\">Kontakt i rezervacija<\/a><\/p>\n","protected":false},"excerpt":{"rendered":"<p>Dvije spava\u0107e sobe. Vrtna terasa. Odvojen ulaz. Klima, internet, SAT TV. Kapacitet: 4+1 osoba Prva spava\u0107a soba: dvostruki krevet i pojedina\u010dni krevet, klima, SAT TV \u2013 posteljina uklju\u010dena Druga spava\u0107a soba: dvostruki krevet, klima, SAT TV Kuhinja: hladnjak\/zamrziva\u010d, elektri\u010dni \u0161tednjak s dvije plo\u010de, elektri\u010dna pe\u0107nica, \u010dajnik, kuhinjske potrep\u0161tine Prva kupaonica: tu\u0161, wc, umivaonik Druga kupaonica: [&hellip;]<\/p>\n","protected":false},"author":1,"featured_media":359,"parent":709,"menu_order":0,"comment_status":"closed","ping_status":"open","template":"","meta":{"_genesis_hide_title":false,"_genesis_hide_breadcrumbs":false,"_genesis_hide_singular_image":false,"_genesis_hide_footer_widgets":false,"_genesis_custom_body_class":"","_genesis_custom_post_class":"","_genesis_layout":"content-sidebar","footnotes":""},"class_list":{"0":"post-686","1":"page","2":"type-page","3":"status-publish","4":"has-post-thumbnail","6":"entry"},"_links":{"self":[{"href":"https:\/\/www.orebicapartmentszora.com\/hr\/wp-json\/wp\/v2\/pages\/686","targetHints":{"allow":["GET"]}}],"collection":[{"href":"https:\/\/www.orebicapartmentszora.com\/hr\/wp-json\/wp\/v2\/pages"}],"about":[{"href":"https:\/\/www.orebicapartmentszora.com\/hr\/wp-json\/wp\/v2\/types\/page"}],"author":[{"embeddable":true,"href":"https:\/\/www.orebicapartmentszora.com\/hr\/wp-json\/wp\/v2\/users\/1"}],"replies":[{"embeddable":true,"href":"https:\/\/www.orebicapartmentszora.com\/hr\/wp-json\/wp\/v2\/comments?post=686"}],"version-history":[{"count":2,"href":"https:\/\/www.orebicapartmentszora.com\/hr\/wp-json\/wp\/v2\/pages\/686\/revisions"}],"predecessor-version":[{"id":1275,"href":"https:\/\/www.orebicapartmentszora.com\/hr\/wp-json\/wp\/v2\/pages\/686\/revisions\/1275"}],"up":[{"embeddable":true,"href":"https:\/\/www.orebicapartmentszora.com\/hr\/wp-json\/wp\/v2\/pages\/709"}],"wp:featuredmedia":[{"embeddable":true,"href":"https:\/\/www.orebicapartmentszora.com\/hr\/wp-json\/wp\/v2\/media\/359"}],"wp:attachment":[{"href":"https:\/\/www.orebicapartmentszora.com\/hr\/wp-json\/wp\/v2\/media?parent=686"}],"curies":[{"name":"wp","href":"https:\/\/api.w.org\/{rel}","templated":true}]}}